{"id":4222,"date":"2018-12-21T08:54:03","date_gmt":"2018-12-21T08:54:03","guid":{"rendered":"https:\/\/moskito.es\/?page_id=4222\/"},"modified":"2024-05-10T09:51:34","modified_gmt":"2024-05-10T09:51:34","slug":"xavi-font","status":"publish","type":"page","link":"https:\/\/moskito.es\/ca\/xavi-font\/","title":{"rendered":"Xavier Font Viad\u00e9 | Moskito Parquets Barcelona"},"content":{"rendered":"<p><img decoding=\"async\" class=\"alignnone wp-image-1299 size-full\" src=\"https:\/\/moskito.es\/wp-content\/uploads\/2016\/04\/Moskito-parquets-barcelona-Contacto-XAVIFONT.jpg\" alt=\"Moskito parquet Barcelona equipo XAVI FONT\" width=\"529\" height=\"344\" srcset=\"https:\/\/moskito.es\/wp-content\/uploads\/2016\/04\/Moskito-parquets-barcelona-Contacto-XAVIFONT-200x130.jpg 200w, https:\/\/moskito.es\/wp-content\/uploads\/2016\/04\/Moskito-parquets-barcelona-Contacto-XAVIFONT-300x195.jpg 300w, https:\/\/moskito.es\/wp-content\/uploads\/2016\/04\/Moskito-parquets-barcelona-Contacto-XAVIFONT-400x260.jpg 400w, https:\/\/moskito.es\/wp-content\/uploads\/2016\/04\/Moskito-parquets-barcelona-Contacto-XAVIFONT.jpg 529w\" sizes=\"(max-width: 529px) 100vw, 529px\" \/><\/p>\n<h1><strong>Xavi Font Viad\u00e9<\/strong><\/h1>\n<p>Xavier Font Viad\u00e9 de Moskito Parquets Barcelona disposa de 15 anys d&#8217;experi\u00e8ncia en el m\u00f3n del parquet per a solucionar els teus dubtes sobre s\u00f2ls de fusta<\/p>\n<p><a href=\"https:\/\/moskito.es\/ca\/blog\/\">Articles escrits per Xavi Font<\/a><\/p>\n<p><a href=\"https:\/\/es.linkedin.com\/in\/xavi-font-viad\u00e9-00915365\" target=\"_blank\" rel=\"noopener\"><img decoding=\"async\" class=\"alignnone wp-image-4397 \" src=\"https:\/\/moskito.es\/wp-content\/uploads\/2019\/01\/Picto_Linkedin-150x150.png\" alt=\"Pictograma Linkedin\" width=\"35\" height=\"39\" \/><\/a><br \/>\n+ 34 937 826 426 \/ xavi@moskito.es<\/p>\n","protected":false},"excerpt":{"rendered":"<p>Xavi Font Viad\u00e9 Xavier Font Viad\u00e9 de Moskito Parquets Barcelona disposa de 15 anys d&#8217;experi\u00e8ncia en el m\u00f3n del parquet per a solucionar els teus dubtes sobre s\u00f2ls de fusta Articles escrits per Xavi Font + 34 937 826 426 \/ xavi@moskito.es<\/p>\n","protected":false},"author":1,"featured_media":0,"parent":0,"menu_order":0,"comment_status":"closed","ping_status":"closed","template":"","meta":{"footnotes":""},"class_list":["post-4222","page","type-page","status-publish","hentry"],"yoast_head":"<!-- This site is optimized with the Yoast SEO plugin v27.4 - https:\/\/yoast.com\/product\/yoast-seo-wordpress\/ -->\n<title>Xavi Font Viad\u00e9<\/title>\n<meta name=\"description\" content=\"Xavi Font Viad\u00e9. Artes\u00e0 del parquet amb m\u00e9s de 15 anys d&#039;experi\u00e8ncia en el m\u00f3n del parquet. Membre de l&#039;Associaci\u00f3 Catalana d&#039;Industrials del Parquet (ACIP)\" \/>\n<meta name=\"robots\" content=\"index, follow, max-snippet:-1, max-image-preview:large, max-video-preview:-1\" \/>\n<link rel=\"canonical\" href=\"https:\/\/moskito.es\/ca\/wp-json\/wp\/v2\/pages\/4222\" \/>\n<meta property=\"og:locale\" content=\"ca_ES\" \/>\n<meta property=\"og:type\" content=\"article\" \/>\n<meta property=\"og:title\" content=\"Xavi Font Viad\u00e9\" \/>\n<meta property=\"og:description\" content=\"Xavi Font Viad\u00e9. Artes\u00e0 del parquet amb m\u00e9s de 15 anys d&#039;experi\u00e8ncia en el m\u00f3n del parquet. Membre de l&#039;Associaci\u00f3 Catalana d&#039;Industrials del Parquet (ACIP)\" \/>\n<meta property=\"og:url\" content=\"https:\/\/moskito.es\/ca\/xavi-font\/\" \/>\n<meta property=\"og:site_name\" content=\"Moskito Parquets\" \/>\n<meta property=\"article:modified_time\" content=\"2024-05-10T09:51:34+00:00\" \/>\n<meta property=\"og:image\" content=\"https:\/\/moskito.es\/wp-content\/uploads\/2016\/04\/Moskito-parquets-barcelona-Contacto-XAVIFONT.jpg\" \/>\n<!-- \/ Yoast SEO plugin. -->","yoast_head_json":{"title":"Xavi Font Viad\u00e9","description":"Xavi Font Viad\u00e9. Artes\u00e0 del parquet amb m\u00e9s de 15 anys d'experi\u00e8ncia en el m\u00f3n del parquet. Membre de l'Associaci\u00f3 Catalana d'Industrials del Parquet (ACIP)","robots":{"index":"index","follow":"follow","max-snippet":"max-snippet:-1","max-image-preview":"max-image-preview:large","max-video-preview":"max-video-preview:-1"},"canonical":"https:\/\/moskito.es\/ca\/wp-json\/wp\/v2\/pages\/4222","og_locale":"ca_ES","og_type":"article","og_title":"Xavi Font Viad\u00e9","og_description":"Xavi Font Viad\u00e9. Artes\u00e0 del parquet amb m\u00e9s de 15 anys d'experi\u00e8ncia en el m\u00f3n del parquet. Membre de l'Associaci\u00f3 Catalana d'Industrials del Parquet (ACIP)","og_url":"https:\/\/moskito.es\/ca\/xavi-font\/","og_site_name":"Moskito Parquets","article_modified_time":"2024-05-10T09:51:34+00:00","og_image":[{"url":"https:\/\/moskito.es\/wp-content\/uploads\/2016\/04\/Moskito-parquets-barcelona-Contacto-XAVIFONT.jpg","type":"","width":"","height":""}],"schema":{"@context":"https:\/\/schema.org","@graph":[{"@type":"WebPage","@id":"https:\/\/moskito.es\/ca\/xavi-font\/","url":"https:\/\/moskito.es\/ca\/xavi-font\/","name":"Xavi Font Viad\u00e9","isPartOf":{"@id":"https:\/\/moskito.es\/ca\/#website"},"primaryImageOfPage":{"@id":"https:\/\/moskito.es\/ca\/xavi-font\/#primaryimage"},"image":{"@id":"https:\/\/moskito.es\/ca\/xavi-font\/#primaryimage"},"thumbnailUrl":"https:\/\/moskito.es\/wp-content\/uploads\/2016\/04\/Moskito-parquets-barcelona-Contacto-XAVIFONT.jpg","datePublished":"2018-12-21T08:54:03+00:00","dateModified":"2024-05-10T09:51:34+00:00","description":"Xavi Font Viad\u00e9. Artes\u00e0 del parquet amb m\u00e9s de 15 anys d'experi\u00e8ncia en el m\u00f3n del parquet. Membre de l'Associaci\u00f3 Catalana d'Industrials del Parquet (ACIP)","breadcrumb":{"@id":"https:\/\/moskito.es\/ca\/xavi-font\/#breadcrumb"},"inLanguage":"ca","potentialAction":[{"@type":"ReadAction","target":["https:\/\/moskito.es\/ca\/xavi-font\/"]}]},{"@type":"ImageObject","inLanguage":"ca","@id":"https:\/\/moskito.es\/ca\/xavi-font\/#primaryimage","url":"https:\/\/moskito.es\/wp-content\/uploads\/2016\/04\/Moskito-parquets-barcelona-Contacto-XAVIFONT.jpg","contentUrl":"https:\/\/moskito.es\/wp-content\/uploads\/2016\/04\/Moskito-parquets-barcelona-Contacto-XAVIFONT.jpg"},{"@type":"BreadcrumbList","@id":"https:\/\/moskito.es\/ca\/xavi-font\/#breadcrumb","itemListElement":[{"@type":"ListItem","position":1,"name":"Portada","item":"https:\/\/moskito.es\/ca\/"},{"@type":"ListItem","position":2,"name":"Xavier Font Viad\u00e9 | Moskito Parquets Barcelona"}]},{"@type":"WebSite","@id":"https:\/\/moskito.es\/ca\/#website","url":"https:\/\/moskito.es\/ca\/","name":"Parquets Moskito","description":"Los mejores parquets de Barcelona","publisher":{"@id":"https:\/\/moskito.es\/ca\/#organization"},"potentialAction":[{"@type":"SearchAction","target":{"@type":"EntryPoint","urlTemplate":"https:\/\/moskito.es\/ca\/?s={search_term_string}"},"query-input":{"@type":"PropertyValueSpecification","valueRequired":true,"valueName":"search_term_string"}}],"inLanguage":"ca"},{"@type":"Organization","@id":"https:\/\/moskito.es\/ca\/#organization","name":"Mokito","url":"https:\/\/moskito.es\/ca\/","logo":{"@type":"ImageObject","inLanguage":"ca","@id":"https:\/\/moskito.es\/ca\/#\/schema\/logo\/image\/","url":"https:\/\/moskito.es\/wp-content\/uploads\/2016\/04\/logotipo.png","contentUrl":"https:\/\/moskito.es\/wp-content\/uploads\/2016\/04\/logotipo.png","width":151,"height":58,"caption":"Mokito"},"image":{"@id":"https:\/\/moskito.es\/ca\/#\/schema\/logo\/image\/"}}]}},"_links":{"self":[{"href":"https:\/\/moskito.es\/ca\/wp-json\/wp\/v2\/pages\/4222","targetHints":{"allow":["GET"]}}],"collection":[{"href":"https:\/\/moskito.es\/ca\/wp-json\/wp\/v2\/pages"}],"about":[{"href":"https:\/\/moskito.es\/ca\/wp-json\/wp\/v2\/types\/page"}],"author":[{"embeddable":true,"href":"https:\/\/moskito.es\/ca\/wp-json\/wp\/v2\/users\/1"}],"replies":[{"embeddable":true,"href":"https:\/\/moskito.es\/ca\/wp-json\/wp\/v2\/comments?post=4222"}],"version-history":[{"count":0,"href":"https:\/\/moskito.es\/ca\/wp-json\/wp\/v2\/pages\/4222\/revisions"}],"wp:attachment":[{"href":"https:\/\/moskito.es\/ca\/wp-json\/wp\/v2\/media?parent=4222"}],"curies":[{"name":"wp","href":"https:\/\/api.w.org\/{rel}","templated":true}]}}